{"id":9110,"date":"2023-09-15T10:48:03","date_gmt":"2023-09-15T08:48:03","guid":{"rendered":"https:\/\/www.gruppomossali.com\/?page_id=9110"},"modified":"2023-09-15T10:48:03","modified_gmt":"2023-09-15T08:48:03","slug":"impianti-fotovoltaici-bergamo","status":"publish","type":"page","link":"https:\/\/www.gruppomossali.com\/it\/impianti-fotovoltaici-bergamo\/","title":{"rendered":"Impianti fotovoltaici a Bergamo e provincia"},"content":{"rendered":"<p><span style=\"font-weight: 400;\">Il nostro Gruppo si occupa dal 2007 di <\/span><b>impianti fotovoltaici a Bergamo e provincia<\/b><span style=\"font-weight: 400;\">: l\u2019esperienza acquisita negli anni ci permette di assicurare ai clienti una consulenza accurata, un ottimo rapporto qualit\u00e0-prezzo e un impianto fotovoltaico duraturo negli anni a venire.<\/span><\/p>\n<p><span style=\"font-weight: 400;\">Forniamo un\u2019ampia gamma di servizi: progettazione, installazione, monitoraggio, manutenzione e riparazione, oltre che la gestione amministrativa delle pratiche necessarie.<\/span><\/p>\n<p><span style=\"font-weight: 400;\">L\u2019attenzione alla sostenibilit\u00e0 \u00e8 oggi sempre pi\u00f9 importante, dati anche i cambiamenti climatici in corso, e sempre pi\u00f9 famiglie e aziende decidono di utilizzare energie pulite. L\u2019uso di pannelli fotovoltaici permette infatti di:<\/span><\/p>\n<ul>\n<li style=\"font-weight: 400;\" aria-level=\"1\"><span style=\"font-weight: 400;\">Risparmiare sui consumi, riducendo i costi delle bollette;<\/span><\/li>\n<li style=\"font-weight: 400;\" aria-level=\"1\"><span style=\"font-weight: 400;\">Produrre energia rinnovabile e sostenibile;<\/span><\/li>\n<li style=\"font-weight: 400;\" aria-level=\"1\"><span style=\"font-weight: 400;\">Affrancarsi dal costante aumento dei costi dell\u2019energia elettrica.<\/span><\/li>\n<\/ul>\n","protected":false},"excerpt":{"rendered":"<p>Il nostro Gruppo si occupa dal 2007 di impianti fotovoltaici a Bergamo e provincia: l\u2019esperienza acquisita negli anni ci permette di assicurare ai clienti una consulenza accurata, un ottimo rapporto qualit\u00e0-prezzo e un impianto fotovoltaico duraturo negli anni a venire. Forniamo un\u2019ampia gamma di servizi: progettazione, installazione, monitoraggio, manutenzione e riparazione, oltre che la gestione [&hellip;]<\/p>\n","protected":false},"author":14,"featured_media":734,"parent":0,"menu_order":0,"comment_status":"closed","ping_status":"closed","template":"template-servizi.php","meta":[],"yoast_head":"<!-- This site is optimized with the Yoast SEO plugin v20.3 - https:\/\/yoast.com\/wordpress\/plugins\/seo\/ -->\n<title>Impianti fotovoltaici a Bergamo e provincia | Gruppo Mossali<\/title>\n<meta name=\"description\" content=\"Hai bisogno di un impianto fotovoltaico a Bergamo? Visita il sito di Gruppo Mossali per saperne di pi\u00f9 e richiedi subito il tuo preventivo!\" \/>\n<meta name=\"robots\" content=\"index, follow, max-snippet:-1, max-image-preview:large, max-video-preview:-1\" \/>\n<link rel=\"canonical\" href=\"https:\/\/www.gruppomossali.com\/it\/impianti-fotovoltaici-bergamo\/\" \/>\n<meta property=\"og:locale\" content=\"it_IT\" \/>\n<meta property=\"og:type\" content=\"article\" \/>\n<meta property=\"og:title\" content=\"Impianti fotovoltaici a Bergamo e provincia | Gruppo Mossali\" \/>\n<meta property=\"og:description\" content=\"Hai bisogno di un impianto fotovoltaico a Bergamo? Visita il sito di Gruppo Mossali per saperne di pi\u00f9 e richiedi subito il tuo preventivo!\" \/>\n<meta property=\"og:url\" content=\"https:\/\/www.gruppomossali.com\/it\/impianti-fotovoltaici-bergamo\/\" \/>\n<meta property=\"og:site_name\" content=\"Gruppo Mossali\" \/>\n<meta property=\"og:image\" content=\"https:\/\/www.gruppomossali.com\/wp-content\/uploads\/2019\/12\/AdobeStock_268782123-scaled.jpeg\" \/>\n\t<meta property=\"og:image:width\" content=\"2560\" \/>\n\t<meta property=\"og:image:height\" content=\"1284\" \/>\n\t<meta property=\"og:image:type\" content=\"image\/jpeg\" \/>\n<meta name=\"twitter:card\" content=\"summary_large_image\" \/>\n<meta name=\"twitter:label1\" content=\"Tempo di lettura stimato\" \/>\n\t<meta name=\"twitter:data1\" content=\"1 minuto\" \/>\n<script type=\"application\/ld+json\" class=\"yoast-schema-graph\">{\"@context\":\"https:\/\/schema.org\",\"@graph\":[{\"@type\":\"WebPage\",\"@id\":\"https:\/\/www.gruppomossali.com\/it\/impianti-fotovoltaici-bergamo\/\",\"url\":\"https:\/\/www.gruppomossali.com\/it\/impianti-fotovoltaici-bergamo\/\",\"name\":\"Impianti fotovoltaici a Bergamo e provincia | Gruppo Mossali\",\"isPartOf\":{\"@id\":\"https:\/\/www.gruppomossali.com\/it\/#website\"},\"datePublished\":\"2023-09-15T08:48:03+00:00\",\"dateModified\":\"2023-09-15T08:48:03+00:00\",\"description\":\"Hai bisogno di un impianto fotovoltaico a Bergamo? Visita il sito di Gruppo Mossali per saperne di pi\u00f9 e richiedi subito il tuo preventivo!\",\"breadcrumb\":{\"@id\":\"https:\/\/www.gruppomossali.com\/it\/impianti-fotovoltaici-bergamo\/#breadcrumb\"},\"inLanguage\":\"it-IT\",\"potentialAction\":[{\"@type\":\"ReadAction\",\"target\":[\"https:\/\/www.gruppomossali.com\/it\/impianti-fotovoltaici-bergamo\/\"]}]},{\"@type\":\"BreadcrumbList\",\"@id\":\"https:\/\/www.gruppomossali.com\/it\/impianti-fotovoltaici-bergamo\/#breadcrumb\",\"itemListElement\":[{\"@type\":\"ListItem\",\"position\":1,\"name\":\"Home\",\"item\":\"https:\/\/www.gruppomossali.com\/it\/\"},{\"@type\":\"ListItem\",\"position\":2,\"name\":\"Impianti fotovoltaici a Bergamo e provincia\"}]},{\"@type\":\"WebSite\",\"@id\":\"https:\/\/www.gruppomossali.com\/it\/#website\",\"url\":\"https:\/\/www.gruppomossali.com\/it\/\",\"name\":\"Gruppo Mossali\",\"description\":\"\",\"potentialAction\":[{\"@type\":\"SearchAction\",\"target\":{\"@type\":\"EntryPoint\",\"urlTemplate\":\"https:\/\/www.gruppomossali.com\/it\/?s={search_term_string}\"},\"query-input\":\"required name=search_term_string\"}],\"inLanguage\":\"it-IT\"}]}<\/script>\n<!-- \/ Yoast SEO plugin. -->","yoast_head_json":{"title":"Impianti fotovoltaici a Bergamo e provincia | Gruppo Mossali","description":"Hai bisogno di un impianto fotovoltaico a Bergamo? Visita il sito di Gruppo Mossali per saperne di pi\u00f9 e richiedi subito il tuo preventivo!","robots":{"index":"index","follow":"follow","max-snippet":"max-snippet:-1","max-image-preview":"max-image-preview:large","max-video-preview":"max-video-preview:-1"},"canonical":"https:\/\/www.gruppomossali.com\/it\/impianti-fotovoltaici-bergamo\/","og_locale":"it_IT","og_type":"article","og_title":"Impianti fotovoltaici a Bergamo e provincia | Gruppo Mossali","og_description":"Hai bisogno di un impianto fotovoltaico a Bergamo? Visita il sito di Gruppo Mossali per saperne di pi\u00f9 e richiedi subito il tuo preventivo!","og_url":"https:\/\/www.gruppomossali.com\/it\/impianti-fotovoltaici-bergamo\/","og_site_name":"Gruppo Mossali","og_image":[{"width":2560,"height":1284,"url":"https:\/\/www.gruppomossali.com\/wp-content\/uploads\/2019\/12\/AdobeStock_268782123-scaled.jpeg","type":"image\/jpeg"}],"twitter_card":"summary_large_image","twitter_misc":{"Tempo di lettura stimato":"1 minuto"},"schema":{"@context":"https:\/\/schema.org","@graph":[{"@type":"WebPage","@id":"https:\/\/www.gruppomossali.com\/it\/impianti-fotovoltaici-bergamo\/","url":"https:\/\/www.gruppomossali.com\/it\/impianti-fotovoltaici-bergamo\/","name":"Impianti fotovoltaici a Bergamo e provincia | Gruppo Mossali","isPartOf":{"@id":"https:\/\/www.gruppomossali.com\/it\/#website"},"datePublished":"2023-09-15T08:48:03+00:00","dateModified":"2023-09-15T08:48:03+00:00","description":"Hai bisogno di un impianto fotovoltaico a Bergamo? Visita il sito di Gruppo Mossali per saperne di pi\u00f9 e richiedi subito il tuo preventivo!","breadcrumb":{"@id":"https:\/\/www.gruppomossali.com\/it\/impianti-fotovoltaici-bergamo\/#breadcrumb"},"inLanguage":"it-IT","potentialAction":[{"@type":"ReadAction","target":["https:\/\/www.gruppomossali.com\/it\/impianti-fotovoltaici-bergamo\/"]}]},{"@type":"BreadcrumbList","@id":"https:\/\/www.gruppomossali.com\/it\/impianti-fotovoltaici-bergamo\/#breadcrumb","itemListElement":[{"@type":"ListItem","position":1,"name":"Home","item":"https:\/\/www.gruppomossali.com\/it\/"},{"@type":"ListItem","position":2,"name":"Impianti fotovoltaici a Bergamo e provincia"}]},{"@type":"WebSite","@id":"https:\/\/www.gruppomossali.com\/it\/#website","url":"https:\/\/www.gruppomossali.com\/it\/","name":"Gruppo Mossali","description":"","potentialAction":[{"@type":"SearchAction","target":{"@type":"EntryPoint","urlTemplate":"https:\/\/www.gruppomossali.com\/it\/?s={search_term_string}"},"query-input":"required name=search_term_string"}],"inLanguage":"it-IT"}]}},"_links":{"self":[{"href":"https:\/\/www.gruppomossali.com\/it\/wp-json\/wp\/v2\/pages\/9110"}],"collection":[{"href":"https:\/\/www.gruppomossali.com\/it\/wp-json\/wp\/v2\/pages"}],"about":[{"href":"https:\/\/www.gruppomossali.com\/it\/wp-json\/wp\/v2\/types\/page"}],"author":[{"embeddable":true,"href":"https:\/\/www.gruppomossali.com\/it\/wp-json\/wp\/v2\/users\/14"}],"replies":[{"embeddable":true,"href":"https:\/\/www.gruppomossali.com\/it\/wp-json\/wp\/v2\/comments?post=9110"}],"version-history":[{"count":9,"href":"https:\/\/www.gruppomossali.com\/it\/wp-json\/wp\/v2\/pages\/9110\/revisions"}],"predecessor-version":[{"id":9133,"href":"https:\/\/www.gruppomossali.com\/it\/wp-json\/wp\/v2\/pages\/9110\/revisions\/9133"}],"wp:featuredmedia":[{"embeddable":true,"href":"https:\/\/www.gruppomossali.com\/it\/wp-json\/wp\/v2\/media\/734"}],"wp:attachment":[{"href":"https:\/\/www.gruppomossali.com\/it\/wp-json\/wp\/v2\/media?parent=9110"}],"curies":[{"name":"wp","href":"https:\/\/api.w.org\/{rel}","templated":true}]}}