{"id":584,"date":"2019-11-22T14:41:08","date_gmt":"2019-11-22T13:41:08","guid":{"rendered":"https:\/\/www.gruppomossali.com\/?page_id=584"},"modified":"2020-07-03T11:51:04","modified_gmt":"2020-07-03T09:51:04","slug":"progettazione","status":"publish","type":"page","link":"https:\/\/www.gruppomossali.com\/it\/impianti-elettrici\/progettazione\/","title":{"rendered":"Analisi Preliminare"},"content":{"rendered":"<p><span style=\"font-weight: 400;\">Un aspetto per noi fondamentale che spesso viene trascurato \u00e8 quello del sopralluogo e l&#8217;analisi preliminare; in questa fase riteniamo fondamentale il colloquio con il committente, oltre a visionare l\u2019ambiente oggetto dei lavori. Dall\u2019analisi preliminare \u00e8 possibile valutare le modalit\u00e0 di ottimizzazione dei costi, senza rinunciare alla qualit\u00e0 del servizio, e le tempistiche per la realizzazione.\u00a0<\/span><\/p>\n<p><span style=\"font-weight: 400;\">Da questa fase parte poi tutta la parte progettuale e realizzativa. L\u2019esperienza dei nostri tecnici permette inoltre di suggerire al cliente una molteplicit\u00e0 di soluzioni;\u00a0<\/span><\/p>\n<p><span style=\"font-weight: 400;\">La sinergia con gli altri servizi offerti dal gruppo, sono un altro punto aspetto che ci contraddistingue. L\u2019analisi preliminare non viene effettuata da commerciali, ma da tecnici specializzati sia che riguardi la sezione elettrica tradizionale, che la sezione elettrica applicata al mondo delle energie rinnovabili.\u00a0<\/span><\/p>\n<p>&nbsp;<\/p>\n","protected":false},"excerpt":{"rendered":"<p>Un aspetto per noi fondamentale che spesso viene trascurato \u00e8 quello del sopralluogo e l&#8217;analisi preliminare; in questa fase riteniamo fondamentale il colloquio con il committente, oltre a visionare l\u2019ambiente oggetto dei lavori. Dall\u2019analisi preliminare \u00e8 possibile valutare le modalit\u00e0 di ottimizzazione dei costi, senza rinunciare alla qualit\u00e0 del servizio, e le tempistiche per la [&hellip;]<\/p>\n","protected":false},"author":1,"featured_media":162,"parent":121,"menu_order":21,"comment_status":"closed","ping_status":"closed","template":"template-servizi.php","meta":[],"yoast_head":"<!-- This site is optimized with the Yoast SEO plugin v20.3 - https:\/\/yoast.com\/wordpress\/plugins\/seo\/ -->\n<title>Analisi Preliminare &amp; Progettazione Impianti Elettrici | Gruppo Mossali<\/title>\n<meta name=\"description\" content=\"Dall\u2019analisi preliminare \u00e8 possibile valutare le modalit\u00e0 di ottimizzazione dei costi, senza rinunciare alla qualit\u00e0 del servizio, e le tempistiche per la realizzazione. Visita il sito e richiedi subito il tuo preventivo!\" \/>\n<meta name=\"robots\" content=\"index, follow, max-snippet:-1, max-image-preview:large, max-video-preview:-1\" \/>\n<link rel=\"canonical\" href=\"https:\/\/www.gruppomossali.com\/it\/impianti-elettrici\/progettazione\/\" \/>\n<meta property=\"og:locale\" content=\"it_IT\" \/>\n<meta property=\"og:type\" content=\"article\" \/>\n<meta property=\"og:title\" content=\"Analisi Preliminare &amp; Progettazione Impianti Elettrici | Gruppo Mossali\" \/>\n<meta property=\"og:description\" content=\"Dall\u2019analisi preliminare \u00e8 possibile valutare le modalit\u00e0 di ottimizzazione dei costi, senza rinunciare alla qualit\u00e0 del servizio, e le tempistiche per la realizzazione. Visita il sito e richiedi subito il tuo preventivo!\" \/>\n<meta property=\"og:url\" content=\"https:\/\/www.gruppomossali.com\/it\/impianti-elettrici\/progettazione\/\" \/>\n<meta property=\"og:site_name\" content=\"Gruppo Mossali\" \/>\n<meta property=\"article:modified_time\" content=\"2020-07-03T09:51:04+00:00\" \/>\n<meta property=\"og:image\" content=\"https:\/\/www.gruppomossali.com\/wp-content\/uploads\/2019\/09\/headquarter_ext.jpg\" \/>\n\t<meta property=\"og:image:width\" content=\"1920\" \/>\n\t<meta property=\"og:image:height\" content=\"1225\" \/>\n\t<meta property=\"og:image:type\" content=\"image\/jpeg\" \/>\n<meta name=\"twitter:card\" content=\"summary_large_image\" \/>\n<meta name=\"twitter:label1\" content=\"Tempo di lettura stimato\" \/>\n\t<meta name=\"twitter:data1\" content=\"1 minuto\" \/>\n<script type=\"application\/ld+json\" class=\"yoast-schema-graph\">{\"@context\":\"https:\/\/schema.org\",\"@graph\":[{\"@type\":\"WebPage\",\"@id\":\"https:\/\/www.gruppomossali.com\/it\/impianti-elettrici\/progettazione\/\",\"url\":\"https:\/\/www.gruppomossali.com\/it\/impianti-elettrici\/progettazione\/\",\"name\":\"Analisi Preliminare & Progettazione Impianti Elettrici | Gruppo Mossali\",\"isPartOf\":{\"@id\":\"https:\/\/www.gruppomossali.com\/it\/#website\"},\"datePublished\":\"2019-11-22T13:41:08+00:00\",\"dateModified\":\"2020-07-03T09:51:04+00:00\",\"description\":\"Dall\u2019analisi preliminare \u00e8 possibile valutare le modalit\u00e0 di ottimizzazione dei costi, senza rinunciare alla qualit\u00e0 del servizio, e le tempistiche per la realizzazione. Visita il sito e richiedi subito il tuo preventivo!\",\"breadcrumb\":{\"@id\":\"https:\/\/www.gruppomossali.com\/it\/impianti-elettrici\/progettazione\/#breadcrumb\"},\"inLanguage\":\"it-IT\",\"potentialAction\":[{\"@type\":\"ReadAction\",\"target\":[\"https:\/\/www.gruppomossali.com\/it\/impianti-elettrici\/progettazione\/\"]}]},{\"@type\":\"BreadcrumbList\",\"@id\":\"https:\/\/www.gruppomossali.com\/it\/impianti-elettrici\/progettazione\/#breadcrumb\",\"itemListElement\":[{\"@type\":\"ListItem\",\"position\":1,\"name\":\"Home\",\"item\":\"https:\/\/www.gruppomossali.com\/it\/\"},{\"@type\":\"ListItem\",\"position\":2,\"name\":\"Impianti Elettrici\",\"item\":\"https:\/\/www.gruppomossali.com\/it\/impianti-elettrici\/\"},{\"@type\":\"ListItem\",\"position\":3,\"name\":\"Analisi Preliminare\"}]},{\"@type\":\"WebSite\",\"@id\":\"https:\/\/www.gruppomossali.com\/it\/#website\",\"url\":\"https:\/\/www.gruppomossali.com\/it\/\",\"name\":\"Gruppo Mossali\",\"description\":\"\",\"potentialAction\":[{\"@type\":\"SearchAction\",\"target\":{\"@type\":\"EntryPoint\",\"urlTemplate\":\"https:\/\/www.gruppomossali.com\/it\/?s={search_term_string}\"},\"query-input\":\"required name=search_term_string\"}],\"inLanguage\":\"it-IT\"}]}<\/script>\n<!-- \/ Yoast SEO plugin. -->","yoast_head_json":{"title":"Analisi Preliminare & Progettazione Impianti Elettrici | Gruppo Mossali","description":"Dall\u2019analisi preliminare \u00e8 possibile valutare le modalit\u00e0 di ottimizzazione dei costi, senza rinunciare alla qualit\u00e0 del servizio, e le tempistiche per la realizzazione. Visita il sito e richiedi subito il tuo preventivo!","robots":{"index":"index","follow":"follow","max-snippet":"max-snippet:-1","max-image-preview":"max-image-preview:large","max-video-preview":"max-video-preview:-1"},"canonical":"https:\/\/www.gruppomossali.com\/it\/impianti-elettrici\/progettazione\/","og_locale":"it_IT","og_type":"article","og_title":"Analisi Preliminare & Progettazione Impianti Elettrici | Gruppo Mossali","og_description":"Dall\u2019analisi preliminare \u00e8 possibile valutare le modalit\u00e0 di ottimizzazione dei costi, senza rinunciare alla qualit\u00e0 del servizio, e le tempistiche per la realizzazione. Visita il sito e richiedi subito il tuo preventivo!","og_url":"https:\/\/www.gruppomossali.com\/it\/impianti-elettrici\/progettazione\/","og_site_name":"Gruppo Mossali","article_modified_time":"2020-07-03T09:51:04+00:00","og_image":[{"width":1920,"height":1225,"url":"https:\/\/www.gruppomossali.com\/wp-content\/uploads\/2019\/09\/headquarter_ext.jpg","type":"image\/jpeg"}],"twitter_card":"summary_large_image","twitter_misc":{"Tempo di lettura stimato":"1 minuto"},"schema":{"@context":"https:\/\/schema.org","@graph":[{"@type":"WebPage","@id":"https:\/\/www.gruppomossali.com\/it\/impianti-elettrici\/progettazione\/","url":"https:\/\/www.gruppomossali.com\/it\/impianti-elettrici\/progettazione\/","name":"Analisi Preliminare & Progettazione Impianti Elettrici | Gruppo Mossali","isPartOf":{"@id":"https:\/\/www.gruppomossali.com\/it\/#website"},"datePublished":"2019-11-22T13:41:08+00:00","dateModified":"2020-07-03T09:51:04+00:00","description":"Dall\u2019analisi preliminare \u00e8 possibile valutare le modalit\u00e0 di ottimizzazione dei costi, senza rinunciare alla qualit\u00e0 del servizio, e le tempistiche per la realizzazione. Visita il sito e richiedi subito il tuo preventivo!","breadcrumb":{"@id":"https:\/\/www.gruppomossali.com\/it\/impianti-elettrici\/progettazione\/#breadcrumb"},"inLanguage":"it-IT","potentialAction":[{"@type":"ReadAction","target":["https:\/\/www.gruppomossali.com\/it\/impianti-elettrici\/progettazione\/"]}]},{"@type":"BreadcrumbList","@id":"https:\/\/www.gruppomossali.com\/it\/impianti-elettrici\/progettazione\/#breadcrumb","itemListElement":[{"@type":"ListItem","position":1,"name":"Home","item":"https:\/\/www.gruppomossali.com\/it\/"},{"@type":"ListItem","position":2,"name":"Impianti Elettrici","item":"https:\/\/www.gruppomossali.com\/it\/impianti-elettrici\/"},{"@type":"ListItem","position":3,"name":"Analisi Preliminare"}]},{"@type":"WebSite","@id":"https:\/\/www.gruppomossali.com\/it\/#website","url":"https:\/\/www.gruppomossali.com\/it\/","name":"Gruppo Mossali","description":"","potentialAction":[{"@type":"SearchAction","target":{"@type":"EntryPoint","urlTemplate":"https:\/\/www.gruppomossali.com\/it\/?s={search_term_string}"},"query-input":"required name=search_term_string"}],"inLanguage":"it-IT"}]}},"_links":{"self":[{"href":"https:\/\/www.gruppomossali.com\/it\/wp-json\/wp\/v2\/pages\/584"}],"collection":[{"href":"https:\/\/www.gruppomossali.com\/it\/wp-json\/wp\/v2\/pages"}],"about":[{"href":"https:\/\/www.gruppomossali.com\/it\/wp-json\/wp\/v2\/types\/page"}],"author":[{"embeddable":true,"href":"https:\/\/www.gruppomossali.com\/it\/wp-json\/wp\/v2\/users\/1"}],"replies":[{"embeddable":true,"href":"https:\/\/www.gruppomossali.com\/it\/wp-json\/wp\/v2\/comments?post=584"}],"version-history":[{"count":7,"href":"https:\/\/www.gruppomossali.com\/it\/wp-json\/wp\/v2\/pages\/584\/revisions"}],"predecessor-version":[{"id":2889,"href":"https:\/\/www.gruppomossali.com\/it\/wp-json\/wp\/v2\/pages\/584\/revisions\/2889"}],"up":[{"embeddable":true,"href":"https:\/\/www.gruppomossali.com\/it\/wp-json\/wp\/v2\/pages\/121"}],"wp:featuredmedia":[{"embeddable":true,"href":"https:\/\/www.gruppomossali.com\/it\/wp-json\/wp\/v2\/media\/162"}],"wp:attachment":[{"href":"https:\/\/www.gruppomossali.com\/it\/wp-json\/wp\/v2\/media?parent=584"}],"curies":[{"name":"wp","href":"https:\/\/api.w.org\/{rel}","templated":true}]}}