{"id":430,"date":"2019-10-14T11:53:42","date_gmt":"2019-10-14T09:53:42","guid":{"rendered":"https:\/\/www.gruppomossali.com\/?page_id=430"},"modified":"2020-07-03T12:11:58","modified_gmt":"2020-07-03T10:11:58","slug":"progettazione","status":"publish","type":"page","link":"https:\/\/www.gruppomossali.com\/it\/dispositivi-anticaduta\/progettazione\/","title":{"rendered":"Progettazione dispositivi anticaduta"},"content":{"rendered":"<p><span style=\"font-weight: 400;\">Grazie alla competenza e formazione dei nostri tecnici siamo in grado di individuare, valutare e progettare i sistemi di sicurezza pi\u00f9 idonei alle vostre esigenze.<\/span><\/p>\n<p><span style=\"font-weight: 400;\">Il progettista ha la responsabilit\u00e0 di effettuare un\u2019analisi di tutti i rischi e di adottare le misure di prevenzione che eliminano o riducono i danni, valutando in fase progettuale le misure di protezione pi\u00f9 idonee. Nella scelta progettuale si dovr\u00e0 applicare la configurazione di un sistema anticaduta a seconda del grado di rischio e di fattibilit\u00e0 operativa.<\/span><\/p>\n","protected":false},"excerpt":{"rendered":"<p>Grazie alla competenza e formazione dei nostri tecnici siamo in grado di individuare, valutare e progettare i sistemi di sicurezza pi\u00f9 idonei alle vostre esigenze. Il progettista ha la responsabilit\u00e0 di effettuare un\u2019analisi di tutti i rischi e di adottare le misure di prevenzione che eliminano o riducono i danni, valutando in fase progettuale le [&hellip;]<\/p>\n","protected":false},"author":1,"featured_media":162,"parent":125,"menu_order":77,"comment_status":"closed","ping_status":"closed","template":"template-servizi.php","meta":[],"yoast_head":"<!-- This site is optimized with the Yoast SEO plugin v20.3 - https:\/\/yoast.com\/wordpress\/plugins\/seo\/ -->\n<title>Progettazione dispositivi anticaduta | Gruppo Mossali<\/title>\n<meta name=\"description\" content=\"Gruppo Mossali progetta dispositivi anticaduta per la messa in sicurezza dei cantieri. Visita il sito per saperne di pi\u00f9!\" \/>\n<meta name=\"robots\" content=\"index, follow, max-snippet:-1, max-image-preview:large, max-video-preview:-1\" \/>\n<link rel=\"canonical\" href=\"https:\/\/www.gruppomossali.com\/it\/dispositivi-anticaduta\/progettazione\/\" \/>\n<meta property=\"og:locale\" content=\"it_IT\" \/>\n<meta property=\"og:type\" content=\"article\" \/>\n<meta property=\"og:title\" content=\"Progettazione dispositivi anticaduta | Gruppo Mossali\" \/>\n<meta property=\"og:description\" content=\"Gruppo Mossali progetta dispositivi anticaduta per la messa in sicurezza dei cantieri. Visita il sito per saperne di pi\u00f9!\" \/>\n<meta property=\"og:url\" content=\"https:\/\/www.gruppomossali.com\/it\/dispositivi-anticaduta\/progettazione\/\" \/>\n<meta property=\"og:site_name\" content=\"Gruppo Mossali\" \/>\n<meta property=\"article:modified_time\" content=\"2020-07-03T10:11:58+00:00\" \/>\n<meta property=\"og:image\" content=\"https:\/\/www.gruppomossali.com\/wp-content\/uploads\/2019\/09\/headquarter_ext.jpg\" \/>\n\t<meta property=\"og:image:width\" content=\"1920\" \/>\n\t<meta property=\"og:image:height\" content=\"1225\" \/>\n\t<meta property=\"og:image:type\" content=\"image\/jpeg\" \/>\n<meta name=\"twitter:card\" content=\"summary_large_image\" \/>\n<script type=\"application\/ld+json\" class=\"yoast-schema-graph\">{\"@context\":\"https:\/\/schema.org\",\"@graph\":[{\"@type\":\"WebPage\",\"@id\":\"https:\/\/www.gruppomossali.com\/it\/dispositivi-anticaduta\/progettazione\/\",\"url\":\"https:\/\/www.gruppomossali.com\/it\/dispositivi-anticaduta\/progettazione\/\",\"name\":\"Progettazione dispositivi anticaduta | Gruppo Mossali\",\"isPartOf\":{\"@id\":\"https:\/\/www.gruppomossali.com\/it\/#website\"},\"datePublished\":\"2019-10-14T09:53:42+00:00\",\"dateModified\":\"2020-07-03T10:11:58+00:00\",\"description\":\"Gruppo Mossali progetta dispositivi anticaduta per la messa in sicurezza dei cantieri. Visita il sito per saperne di pi\u00f9!\",\"breadcrumb\":{\"@id\":\"https:\/\/www.gruppomossali.com\/it\/dispositivi-anticaduta\/progettazione\/#breadcrumb\"},\"inLanguage\":\"it-IT\",\"potentialAction\":[{\"@type\":\"ReadAction\",\"target\":[\"https:\/\/www.gruppomossali.com\/it\/dispositivi-anticaduta\/progettazione\/\"]}]},{\"@type\":\"BreadcrumbList\",\"@id\":\"https:\/\/www.gruppomossali.com\/it\/dispositivi-anticaduta\/progettazione\/#breadcrumb\",\"itemListElement\":[{\"@type\":\"ListItem\",\"position\":1,\"name\":\"Home\",\"item\":\"https:\/\/www.gruppomossali.com\/it\/\"},{\"@type\":\"ListItem\",\"position\":2,\"name\":\"Dispositivi anticaduta\",\"item\":\"https:\/\/www.gruppomossali.com\/it\/dispositivi-anticaduta\/\"},{\"@type\":\"ListItem\",\"position\":3,\"name\":\"Progettazione dispositivi anticaduta\"}]},{\"@type\":\"WebSite\",\"@id\":\"https:\/\/www.gruppomossali.com\/it\/#website\",\"url\":\"https:\/\/www.gruppomossali.com\/it\/\",\"name\":\"Gruppo Mossali\",\"description\":\"\",\"potentialAction\":[{\"@type\":\"SearchAction\",\"target\":{\"@type\":\"EntryPoint\",\"urlTemplate\":\"https:\/\/www.gruppomossali.com\/it\/?s={search_term_string}\"},\"query-input\":\"required name=search_term_string\"}],\"inLanguage\":\"it-IT\"}]}<\/script>\n<!-- \/ Yoast SEO plugin. -->","yoast_head_json":{"title":"Progettazione dispositivi anticaduta | Gruppo Mossali","description":"Gruppo Mossali progetta dispositivi anticaduta per la messa in sicurezza dei cantieri. Visita il sito per saperne di pi\u00f9!","robots":{"index":"index","follow":"follow","max-snippet":"max-snippet:-1","max-image-preview":"max-image-preview:large","max-video-preview":"max-video-preview:-1"},"canonical":"https:\/\/www.gruppomossali.com\/it\/dispositivi-anticaduta\/progettazione\/","og_locale":"it_IT","og_type":"article","og_title":"Progettazione dispositivi anticaduta | Gruppo Mossali","og_description":"Gruppo Mossali progetta dispositivi anticaduta per la messa in sicurezza dei cantieri. Visita il sito per saperne di pi\u00f9!","og_url":"https:\/\/www.gruppomossali.com\/it\/dispositivi-anticaduta\/progettazione\/","og_site_name":"Gruppo Mossali","article_modified_time":"2020-07-03T10:11:58+00:00","og_image":[{"width":1920,"height":1225,"url":"https:\/\/www.gruppomossali.com\/wp-content\/uploads\/2019\/09\/headquarter_ext.jpg","type":"image\/jpeg"}],"twitter_card":"summary_large_image","schema":{"@context":"https:\/\/schema.org","@graph":[{"@type":"WebPage","@id":"https:\/\/www.gruppomossali.com\/it\/dispositivi-anticaduta\/progettazione\/","url":"https:\/\/www.gruppomossali.com\/it\/dispositivi-anticaduta\/progettazione\/","name":"Progettazione dispositivi anticaduta | Gruppo Mossali","isPartOf":{"@id":"https:\/\/www.gruppomossali.com\/it\/#website"},"datePublished":"2019-10-14T09:53:42+00:00","dateModified":"2020-07-03T10:11:58+00:00","description":"Gruppo Mossali progetta dispositivi anticaduta per la messa in sicurezza dei cantieri. Visita il sito per saperne di pi\u00f9!","breadcrumb":{"@id":"https:\/\/www.gruppomossali.com\/it\/dispositivi-anticaduta\/progettazione\/#breadcrumb"},"inLanguage":"it-IT","potentialAction":[{"@type":"ReadAction","target":["https:\/\/www.gruppomossali.com\/it\/dispositivi-anticaduta\/progettazione\/"]}]},{"@type":"BreadcrumbList","@id":"https:\/\/www.gruppomossali.com\/it\/dispositivi-anticaduta\/progettazione\/#breadcrumb","itemListElement":[{"@type":"ListItem","position":1,"name":"Home","item":"https:\/\/www.gruppomossali.com\/it\/"},{"@type":"ListItem","position":2,"name":"Dispositivi anticaduta","item":"https:\/\/www.gruppomossali.com\/it\/dispositivi-anticaduta\/"},{"@type":"ListItem","position":3,"name":"Progettazione dispositivi anticaduta"}]},{"@type":"WebSite","@id":"https:\/\/www.gruppomossali.com\/it\/#website","url":"https:\/\/www.gruppomossali.com\/it\/","name":"Gruppo Mossali","description":"","potentialAction":[{"@type":"SearchAction","target":{"@type":"EntryPoint","urlTemplate":"https:\/\/www.gruppomossali.com\/it\/?s={search_term_string}"},"query-input":"required name=search_term_string"}],"inLanguage":"it-IT"}]}},"_links":{"self":[{"href":"https:\/\/www.gruppomossali.com\/it\/wp-json\/wp\/v2\/pages\/430"}],"collection":[{"href":"https:\/\/www.gruppomossali.com\/it\/wp-json\/wp\/v2\/pages"}],"about":[{"href":"https:\/\/www.gruppomossali.com\/it\/wp-json\/wp\/v2\/types\/page"}],"author":[{"embeddable":true,"href":"https:\/\/www.gruppomossali.com\/it\/wp-json\/wp\/v2\/users\/1"}],"replies":[{"embeddable":true,"href":"https:\/\/www.gruppomossali.com\/it\/wp-json\/wp\/v2\/comments?post=430"}],"version-history":[{"count":11,"href":"https:\/\/www.gruppomossali.com\/it\/wp-json\/wp\/v2\/pages\/430\/revisions"}],"predecessor-version":[{"id":3052,"href":"https:\/\/www.gruppomossali.com\/it\/wp-json\/wp\/v2\/pages\/430\/revisions\/3052"}],"up":[{"embeddable":true,"href":"https:\/\/www.gruppomossali.com\/it\/wp-json\/wp\/v2\/pages\/125"}],"wp:featuredmedia":[{"embeddable":true,"href":"https:\/\/www.gruppomossali.com\/it\/wp-json\/wp\/v2\/media\/162"}],"wp:attachment":[{"href":"https:\/\/www.gruppomossali.com\/it\/wp-json\/wp\/v2\/media?parent=430"}],"curies":[{"name":"wp","href":"https:\/\/api.w.org\/{rel}","templated":true}]}}