{"id":424,"date":"2019-10-14T11:34:27","date_gmt":"2019-10-14T09:34:27","guid":{"rendered":"https:\/\/www.gruppomossali.com\/?page_id=424"},"modified":"2020-10-21T13:04:58","modified_gmt":"2020-10-21T11:04:58","slug":"progettazione-e-opere-sicurezza","status":"publish","type":"page","link":"https:\/\/www.gruppomossali.com\/it\/rimozione-amianto\/progettazione-e-opere-sicurezza\/","title":{"rendered":"Progettazione e Opere Sicurezza"},"content":{"rendered":"<p><span style=\"font-weight: 400;\">Come noto, l\u2019attivit\u00e0 di bonifica di amianto in matrice compatta \u00e8 in gran parte relativa alla rimozione delle coperture in cemento-amianto e questa attivit\u00e0 comporta un intrinseco rischio di cadute dall\u2019alto. Questo rischio richiede il massimo rigore nella predisposizione delle necessarie misure di prevenzione. Il piano di lavoro dovr\u00e0 contenere gli elementi della progettazione delle misure di sicurezza, con particolare riferimento al rischio di caduta.<\/span><\/p>\n<p>&nbsp;<\/p>\n","protected":false},"excerpt":{"rendered":"<p>Come noto, l\u2019attivit\u00e0 di bonifica di amianto in matrice compatta \u00e8 in gran parte relativa alla rimozione delle coperture in cemento-amianto e questa attivit\u00e0 comporta un intrinseco rischio di cadute dall\u2019alto. Questo rischio richiede il massimo rigore nella predisposizione delle necessarie misure di prevenzione. Il piano di lavoro dovr\u00e0 contenere gli elementi della progettazione delle [&hellip;]<\/p>\n","protected":false},"author":1,"featured_media":690,"parent":115,"menu_order":69,"comment_status":"closed","ping_status":"closed","template":"template-servizi.php","meta":[],"yoast_head":"<!-- This site is optimized with the Yoast SEO plugin v20.3 - https:\/\/yoast.com\/wordpress\/plugins\/seo\/ -->\n<title>Progettazione e opere di sicurezza | Gruppo Mossali<\/title>\n<meta name=\"description\" content=\"Gruppo Mossali si occupa della progettazione e messa in sicurezza dell&#039;area di lavoro. Entra nel sito per richiedere un preventivo!\" \/>\n<meta name=\"robots\" content=\"index, follow, max-snippet:-1, max-image-preview:large, max-video-preview:-1\" \/>\n<link rel=\"canonical\" href=\"https:\/\/www.gruppomossali.com\/it\/rimozione-amianto\/\" \/>\n<meta property=\"og:locale\" content=\"it_IT\" \/>\n<meta property=\"og:type\" content=\"article\" \/>\n<meta property=\"og:title\" content=\"Progettazione e opere di sicurezza | Gruppo Mossali\" \/>\n<meta property=\"og:description\" content=\"Gruppo Mossali si occupa della progettazione e messa in sicurezza dell&#039;area di lavoro. Entra nel sito per richiedere un preventivo!\" \/>\n<meta property=\"og:url\" content=\"https:\/\/www.gruppomossali.com\/it\/rimozione-amianto\/\" \/>\n<meta property=\"og:site_name\" content=\"Gruppo Mossali\" \/>\n<meta property=\"article:modified_time\" content=\"2020-10-21T11:04:58+00:00\" \/>\n<meta property=\"og:image\" content=\"https:\/\/www.gruppomossali.com\/wp-content\/uploads\/2019\/12\/AdobeStock_274470934-scaled-e1576668301571.jpeg\" \/>\n\t<meta property=\"og:image:width\" content=\"1920\" \/>\n\t<meta property=\"og:image:height\" content=\"828\" \/>\n\t<meta property=\"og:image:type\" content=\"image\/jpeg\" \/>\n<meta name=\"twitter:card\" content=\"summary_large_image\" \/>\n<script type=\"application\/ld+json\" class=\"yoast-schema-graph\">{\"@context\":\"https:\/\/schema.org\",\"@graph\":[{\"@type\":\"WebPage\",\"@id\":\"https:\/\/www.gruppomossali.com\/it\/rimozione-amianto\/progettazione-e-opere-sicurezza\/\",\"url\":\"https:\/\/www.gruppomossali.com\/it\/rimozione-amianto\/\",\"name\":\"Progettazione e opere di sicurezza | Gruppo Mossali\",\"isPartOf\":{\"@id\":\"https:\/\/www.gruppomossali.com\/it\/#website\"},\"datePublished\":\"2019-10-14T09:34:27+00:00\",\"dateModified\":\"2020-10-21T11:04:58+00:00\",\"description\":\"Gruppo Mossali si occupa della progettazione e messa in sicurezza dell'area di lavoro. Entra nel sito per richiedere un preventivo!\",\"breadcrumb\":{\"@id\":\"https:\/\/www.gruppomossali.com\/it\/rimozione-amianto\/#breadcrumb\"},\"inLanguage\":\"it-IT\",\"potentialAction\":[{\"@type\":\"ReadAction\",\"target\":[\"https:\/\/www.gruppomossali.com\/it\/rimozione-amianto\/\"]}]},{\"@type\":\"BreadcrumbList\",\"@id\":\"https:\/\/www.gruppomossali.com\/it\/rimozione-amianto\/#breadcrumb\",\"itemListElement\":[{\"@type\":\"ListItem\",\"position\":1,\"name\":\"Home\",\"item\":\"https:\/\/www.gruppomossali.com\/it\/\"},{\"@type\":\"ListItem\",\"position\":2,\"name\":\"Rimozione amianto\",\"item\":\"https:\/\/www.gruppomossali.com\/it\/rimozione-amianto\/\"},{\"@type\":\"ListItem\",\"position\":3,\"name\":\"Progettazione e Opere Sicurezza\"}]},{\"@type\":\"WebSite\",\"@id\":\"https:\/\/www.gruppomossali.com\/it\/#website\",\"url\":\"https:\/\/www.gruppomossali.com\/it\/\",\"name\":\"Gruppo Mossali\",\"description\":\"\",\"potentialAction\":[{\"@type\":\"SearchAction\",\"target\":{\"@type\":\"EntryPoint\",\"urlTemplate\":\"https:\/\/www.gruppomossali.com\/it\/?s={search_term_string}\"},\"query-input\":\"required name=search_term_string\"}],\"inLanguage\":\"it-IT\"}]}<\/script>\n<!-- \/ Yoast SEO plugin. -->","yoast_head_json":{"title":"Progettazione e opere di sicurezza | Gruppo Mossali","description":"Gruppo Mossali si occupa della progettazione e messa in sicurezza dell'area di lavoro. Entra nel sito per richiedere un preventivo!","robots":{"index":"index","follow":"follow","max-snippet":"max-snippet:-1","max-image-preview":"max-image-preview:large","max-video-preview":"max-video-preview:-1"},"canonical":"https:\/\/www.gruppomossali.com\/it\/rimozione-amianto\/","og_locale":"it_IT","og_type":"article","og_title":"Progettazione e opere di sicurezza | Gruppo Mossali","og_description":"Gruppo Mossali si occupa della progettazione e messa in sicurezza dell'area di lavoro. Entra nel sito per richiedere un preventivo!","og_url":"https:\/\/www.gruppomossali.com\/it\/rimozione-amianto\/","og_site_name":"Gruppo Mossali","article_modified_time":"2020-10-21T11:04:58+00:00","og_image":[{"width":1920,"height":828,"url":"https:\/\/www.gruppomossali.com\/wp-content\/uploads\/2019\/12\/AdobeStock_274470934-scaled-e1576668301571.jpeg","type":"image\/jpeg"}],"twitter_card":"summary_large_image","schema":{"@context":"https:\/\/schema.org","@graph":[{"@type":"WebPage","@id":"https:\/\/www.gruppomossali.com\/it\/rimozione-amianto\/progettazione-e-opere-sicurezza\/","url":"https:\/\/www.gruppomossali.com\/it\/rimozione-amianto\/","name":"Progettazione e opere di sicurezza | Gruppo Mossali","isPartOf":{"@id":"https:\/\/www.gruppomossali.com\/it\/#website"},"datePublished":"2019-10-14T09:34:27+00:00","dateModified":"2020-10-21T11:04:58+00:00","description":"Gruppo Mossali si occupa della progettazione e messa in sicurezza dell'area di lavoro. Entra nel sito per richiedere un preventivo!","breadcrumb":{"@id":"https:\/\/www.gruppomossali.com\/it\/rimozione-amianto\/#breadcrumb"},"inLanguage":"it-IT","potentialAction":[{"@type":"ReadAction","target":["https:\/\/www.gruppomossali.com\/it\/rimozione-amianto\/"]}]},{"@type":"BreadcrumbList","@id":"https:\/\/www.gruppomossali.com\/it\/rimozione-amianto\/#breadcrumb","itemListElement":[{"@type":"ListItem","position":1,"name":"Home","item":"https:\/\/www.gruppomossali.com\/it\/"},{"@type":"ListItem","position":2,"name":"Rimozione amianto","item":"https:\/\/www.gruppomossali.com\/it\/rimozione-amianto\/"},{"@type":"ListItem","position":3,"name":"Progettazione e Opere Sicurezza"}]},{"@type":"WebSite","@id":"https:\/\/www.gruppomossali.com\/it\/#website","url":"https:\/\/www.gruppomossali.com\/it\/","name":"Gruppo Mossali","description":"","potentialAction":[{"@type":"SearchAction","target":{"@type":"EntryPoint","urlTemplate":"https:\/\/www.gruppomossali.com\/it\/?s={search_term_string}"},"query-input":"required name=search_term_string"}],"inLanguage":"it-IT"}]}},"_links":{"self":[{"href":"https:\/\/www.gruppomossali.com\/it\/wp-json\/wp\/v2\/pages\/424"}],"collection":[{"href":"https:\/\/www.gruppomossali.com\/it\/wp-json\/wp\/v2\/pages"}],"about":[{"href":"https:\/\/www.gruppomossali.com\/it\/wp-json\/wp\/v2\/types\/page"}],"author":[{"embeddable":true,"href":"https:\/\/www.gruppomossali.com\/it\/wp-json\/wp\/v2\/users\/1"}],"replies":[{"embeddable":true,"href":"https:\/\/www.gruppomossali.com\/it\/wp-json\/wp\/v2\/comments?post=424"}],"version-history":[{"count":10,"href":"https:\/\/www.gruppomossali.com\/it\/wp-json\/wp\/v2\/pages\/424\/revisions"}],"predecessor-version":[{"id":1263,"href":"https:\/\/www.gruppomossali.com\/it\/wp-json\/wp\/v2\/pages\/424\/revisions\/1263"}],"up":[{"embeddable":true,"href":"https:\/\/www.gruppomossali.com\/it\/wp-json\/wp\/v2\/pages\/115"}],"wp:featuredmedia":[{"embeddable":true,"href":"https:\/\/www.gruppomossali.com\/it\/wp-json\/wp\/v2\/media\/690"}],"wp:attachment":[{"href":"https:\/\/www.gruppomossali.com\/it\/wp-json\/wp\/v2\/media?parent=424"}],"curies":[{"name":"wp","href":"https:\/\/api.w.org\/{rel}","templated":true}]}}