{"id":417,"date":"2019-10-14T11:12:16","date_gmt":"2019-10-14T09:12:16","guid":{"rendered":"https:\/\/www.gruppomossali.com\/?page_id=417"},"modified":"2020-06-11T12:22:02","modified_gmt":"2020-06-11T10:22:02","slug":"installazione","status":"publish","type":"page","link":"https:\/\/www.gruppomossali.com\/it\/noleggio-illuminazione\/installazione\/","title":{"rendered":"Installazione"},"content":{"rendered":"<p><span style=\"font-weight: 400;\">Nel noleggio operativo, l\u2019installazione \u00e8 a carico della Societ\u00e0 Gruppo Mossali che curer\u00e0 tutta la logistica di cantiere ed effettuer\u00e0 l&#8217;installazione dei corpi illuminanti come da progetto e preventivo concordati con il cliente. Non solo ci occupiamo anche della rimozione e smaltimento dei vecchi corpi illuminanti.<\/span><\/p>\n","protected":false},"excerpt":{"rendered":"<p>Nel noleggio operativo, l\u2019installazione \u00e8 a carico della Societ\u00e0 Gruppo Mossali che curer\u00e0 tutta la logistica di cantiere ed effettuer\u00e0 l&#8217;installazione dei corpi illuminanti come da progetto e preventivo concordati con il cliente. Non solo ci occupiamo anche della rimozione e smaltimento dei vecchi corpi illuminanti.<\/p>\n","protected":false},"author":1,"featured_media":1274,"parent":123,"menu_order":61,"comment_status":"closed","ping_status":"closed","template":"template-servizi.php","meta":[],"yoast_head":"<!-- This site is optimized with the Yoast SEO plugin v20.3 - https:\/\/yoast.com\/wordpress\/plugins\/seo\/ -->\n<title>Installazione illuminazione LED | Gruppo Mossali<\/title>\n<meta name=\"description\" content=\"Gruppo Mossali assicura un servizio di installazione di illuminazione a led per interni. Visita il sito per scoprire di pi\u00f9!\" \/>\n<meta name=\"robots\" content=\"index, follow, max-snippet:-1, max-image-preview:large, max-video-preview:-1\" \/>\n<link rel=\"canonical\" href=\"https:\/\/www.gruppomossali.com\/it\/noleggio-illuminazione\/installazione\/\" \/>\n<meta property=\"og:locale\" content=\"it_IT\" \/>\n<meta property=\"og:type\" content=\"article\" \/>\n<meta property=\"og:title\" content=\"Installazione illuminazione LED | Gruppo Mossali\" \/>\n<meta property=\"og:description\" content=\"Gruppo Mossali assicura un servizio di installazione di illuminazione a led per interni. Visita il sito per scoprire di pi\u00f9!\" \/>\n<meta property=\"og:url\" content=\"https:\/\/www.gruppomossali.com\/it\/noleggio-illuminazione\/installazione\/\" \/>\n<meta property=\"og:site_name\" content=\"Gruppo Mossali\" \/>\n<meta property=\"article:modified_time\" content=\"2020-06-11T10:22:02+00:00\" \/>\n<meta property=\"og:image\" content=\"https:\/\/www.gruppomossali.com\/wp-content\/uploads\/2019\/12\/AdobeStock_268970899-scaled.jpeg\" \/>\n\t<meta property=\"og:image:width\" content=\"2560\" \/>\n\t<meta property=\"og:image:height\" content=\"1707\" \/>\n\t<meta property=\"og:image:type\" content=\"image\/jpeg\" \/>\n<meta name=\"twitter:card\" content=\"summary_large_image\" \/>\n<script type=\"application\/ld+json\" class=\"yoast-schema-graph\">{\"@context\":\"https:\/\/schema.org\",\"@graph\":[{\"@type\":\"WebPage\",\"@id\":\"https:\/\/www.gruppomossali.com\/it\/noleggio-illuminazione\/installazione\/\",\"url\":\"https:\/\/www.gruppomossali.com\/it\/noleggio-illuminazione\/installazione\/\",\"name\":\"Installazione illuminazione LED | Gruppo Mossali\",\"isPartOf\":{\"@id\":\"https:\/\/www.gruppomossali.com\/it\/#website\"},\"datePublished\":\"2019-10-14T09:12:16+00:00\",\"dateModified\":\"2020-06-11T10:22:02+00:00\",\"description\":\"Gruppo Mossali assicura un servizio di installazione di illuminazione a led per interni. Visita il sito per scoprire di pi\u00f9!\",\"breadcrumb\":{\"@id\":\"https:\/\/www.gruppomossali.com\/it\/noleggio-illuminazione\/installazione\/#breadcrumb\"},\"inLanguage\":\"it-IT\",\"potentialAction\":[{\"@type\":\"ReadAction\",\"target\":[\"https:\/\/www.gruppomossali.com\/it\/noleggio-illuminazione\/installazione\/\"]}]},{\"@type\":\"BreadcrumbList\",\"@id\":\"https:\/\/www.gruppomossali.com\/it\/noleggio-illuminazione\/installazione\/#breadcrumb\",\"itemListElement\":[{\"@type\":\"ListItem\",\"position\":1,\"name\":\"Home\",\"item\":\"https:\/\/www.gruppomossali.com\/it\/\"},{\"@type\":\"ListItem\",\"position\":2,\"name\":\"Noleggio illuminazione a LED\",\"item\":\"https:\/\/www.gruppomossali.com\/it\/noleggio-illuminazione\/\"},{\"@type\":\"ListItem\",\"position\":3,\"name\":\"Installazione\"}]},{\"@type\":\"WebSite\",\"@id\":\"https:\/\/www.gruppomossali.com\/it\/#website\",\"url\":\"https:\/\/www.gruppomossali.com\/it\/\",\"name\":\"Gruppo Mossali\",\"description\":\"\",\"potentialAction\":[{\"@type\":\"SearchAction\",\"target\":{\"@type\":\"EntryPoint\",\"urlTemplate\":\"https:\/\/www.gruppomossali.com\/it\/?s={search_term_string}\"},\"query-input\":\"required name=search_term_string\"}],\"inLanguage\":\"it-IT\"}]}<\/script>\n<!-- \/ Yoast SEO plugin. -->","yoast_head_json":{"title":"Installazione illuminazione LED | Gruppo Mossali","description":"Gruppo Mossali assicura un servizio di installazione di illuminazione a led per interni. Visita il sito per scoprire di pi\u00f9!","robots":{"index":"index","follow":"follow","max-snippet":"max-snippet:-1","max-image-preview":"max-image-preview:large","max-video-preview":"max-video-preview:-1"},"canonical":"https:\/\/www.gruppomossali.com\/it\/noleggio-illuminazione\/installazione\/","og_locale":"it_IT","og_type":"article","og_title":"Installazione illuminazione LED | Gruppo Mossali","og_description":"Gruppo Mossali assicura un servizio di installazione di illuminazione a led per interni. Visita il sito per scoprire di pi\u00f9!","og_url":"https:\/\/www.gruppomossali.com\/it\/noleggio-illuminazione\/installazione\/","og_site_name":"Gruppo Mossali","article_modified_time":"2020-06-11T10:22:02+00:00","og_image":[{"width":2560,"height":1707,"url":"https:\/\/www.gruppomossali.com\/wp-content\/uploads\/2019\/12\/AdobeStock_268970899-scaled.jpeg","type":"image\/jpeg"}],"twitter_card":"summary_large_image","schema":{"@context":"https:\/\/schema.org","@graph":[{"@type":"WebPage","@id":"https:\/\/www.gruppomossali.com\/it\/noleggio-illuminazione\/installazione\/","url":"https:\/\/www.gruppomossali.com\/it\/noleggio-illuminazione\/installazione\/","name":"Installazione illuminazione LED | Gruppo Mossali","isPartOf":{"@id":"https:\/\/www.gruppomossali.com\/it\/#website"},"datePublished":"2019-10-14T09:12:16+00:00","dateModified":"2020-06-11T10:22:02+00:00","description":"Gruppo Mossali assicura un servizio di installazione di illuminazione a led per interni. Visita il sito per scoprire di pi\u00f9!","breadcrumb":{"@id":"https:\/\/www.gruppomossali.com\/it\/noleggio-illuminazione\/installazione\/#breadcrumb"},"inLanguage":"it-IT","potentialAction":[{"@type":"ReadAction","target":["https:\/\/www.gruppomossali.com\/it\/noleggio-illuminazione\/installazione\/"]}]},{"@type":"BreadcrumbList","@id":"https:\/\/www.gruppomossali.com\/it\/noleggio-illuminazione\/installazione\/#breadcrumb","itemListElement":[{"@type":"ListItem","position":1,"name":"Home","item":"https:\/\/www.gruppomossali.com\/it\/"},{"@type":"ListItem","position":2,"name":"Noleggio illuminazione a LED","item":"https:\/\/www.gruppomossali.com\/it\/noleggio-illuminazione\/"},{"@type":"ListItem","position":3,"name":"Installazione"}]},{"@type":"WebSite","@id":"https:\/\/www.gruppomossali.com\/it\/#website","url":"https:\/\/www.gruppomossali.com\/it\/","name":"Gruppo Mossali","description":"","potentialAction":[{"@type":"SearchAction","target":{"@type":"EntryPoint","urlTemplate":"https:\/\/www.gruppomossali.com\/it\/?s={search_term_string}"},"query-input":"required name=search_term_string"}],"inLanguage":"it-IT"}]}},"_links":{"self":[{"href":"https:\/\/www.gruppomossali.com\/it\/wp-json\/wp\/v2\/pages\/417"}],"collection":[{"href":"https:\/\/www.gruppomossali.com\/it\/wp-json\/wp\/v2\/pages"}],"about":[{"href":"https:\/\/www.gruppomossali.com\/it\/wp-json\/wp\/v2\/types\/page"}],"author":[{"embeddable":true,"href":"https:\/\/www.gruppomossali.com\/it\/wp-json\/wp\/v2\/users\/1"}],"replies":[{"embeddable":true,"href":"https:\/\/www.gruppomossali.com\/it\/wp-json\/wp\/v2\/comments?post=417"}],"version-history":[{"count":6,"href":"https:\/\/www.gruppomossali.com\/it\/wp-json\/wp\/v2\/pages\/417\/revisions"}],"predecessor-version":[{"id":2978,"href":"https:\/\/www.gruppomossali.com\/it\/wp-json\/wp\/v2\/pages\/417\/revisions\/2978"}],"up":[{"embeddable":true,"href":"https:\/\/www.gruppomossali.com\/it\/wp-json\/wp\/v2\/pages\/123"}],"wp:featuredmedia":[{"embeddable":true,"href":"https:\/\/www.gruppomossali.com\/it\/wp-json\/wp\/v2\/media\/1274"}],"wp:attachment":[{"href":"https:\/\/www.gruppomossali.com\/it\/wp-json\/wp\/v2\/media?parent=417"}],"curies":[{"name":"wp","href":"https:\/\/api.w.org\/{rel}","templated":true}]}}