{"id":395,"date":"2019-10-14T10:51:49","date_gmt":"2019-10-14T08:51:49","guid":{"rendered":"https:\/\/www.gruppomossali.com\/?page_id=395"},"modified":"2020-07-03T12:19:18","modified_gmt":"2020-07-03T10:19:18","slug":"manutenzione","status":"publish","type":"page","link":"https:\/\/www.gruppomossali.com\/it\/impianti-elettrici\/manutenzione\/","title":{"rendered":"Manutenzione"},"content":{"rendered":"<p><span style=\"font-weight: 400;\">La manutenzione e gli interventi per la riparazione rappresentano un altro aspetto importante che la nostra azienda gestisce. Gli ambiti in cui operiamo oltre al settore civile ed industriale sono quello dell\u2019impiantistica, della domotica e delle energie alternative.\u00a0<\/span><\/p>\n<p><span style=\"font-weight: 400;\">L\u2019aspetto fondamentale \u00e8 identificare il problema il prima possibile perch\u00e9, soprattutto nel settore industriale, i tempi di inattivit\u00e0 devono essere minimi o nulli. Siamo dotati di apparecchiature quali<\/span><\/p>\n<ul>\n<li style=\"font-weight: 400;\"><span style=\"font-weight: 400;\">Tester e pinze amperometriche<\/span><\/li>\n<li style=\"font-weight: 400;\"><span style=\"font-weight: 400;\">Analizzatori di rete e di isolamento<\/span><\/li>\n<li style=\"font-weight: 400;\"><span style=\"font-weight: 400;\">Strumento per la verifica di differenziali e di cablaggio strutturato della rete dati<\/span><\/li>\n<li style=\"font-weight: 400;\"><span style=\"font-weight: 400;\">Cassetta prova rel\u00e8<\/span><\/li>\n<li style=\"font-weight: 400;\"><span style=\"font-weight: 400;\">Strumento per verifica cablaggio strutturato rete dati<\/span><\/li>\n<\/ul>\n<p><span style=\"font-weight: 400;\">Eseguiamo manutenzione e riparazione nei settori<\/span><\/p>\n<ul>\n<li style=\"font-weight: 400;\"><span style=\"font-weight: 400;\">Elettrico civile<\/span><\/li>\n<li style=\"font-weight: 400;\"><span style=\"font-weight: 400;\">Elettrico industriale<\/span><\/li>\n<li style=\"font-weight: 400;\"><span style=\"font-weight: 400;\">Elettrico impiantistica<\/span><\/li>\n<li style=\"font-weight: 400;\"><span style=\"font-weight: 400;\">Elettrico domotico<\/span><\/li>\n<li style=\"font-weight: 400;\"><span style=\"font-weight: 400;\">Elettrico impianti energie alternative<\/span><\/li>\n<\/ul>\n","protected":false},"excerpt":{"rendered":"<p>La manutenzione e gli interventi per la riparazione rappresentano un altro aspetto importante che la nostra azienda gestisce. Gli ambiti in cui operiamo oltre al settore civile ed industriale sono quello dell\u2019impiantistica, della domotica e delle energie alternative.\u00a0 L\u2019aspetto fondamentale \u00e8 identificare il problema il prima possibile perch\u00e9, soprattutto nel settore industriale, i tempi di [&hellip;]<\/p>\n","protected":false},"author":1,"featured_media":162,"parent":121,"menu_order":27,"comment_status":"closed","ping_status":"closed","template":"template-servizi.php","meta":[],"yoast_head":"<!-- This site is optimized with the Yoast SEO plugin v20.3 - https:\/\/yoast.com\/wordpress\/plugins\/seo\/ -->\n<title>Manutenzione Impianti Elettrici | Gruppo Mossali<\/title>\n<meta name=\"description\" content=\"La manutenzione e gli interventi per la riparazione rappresentano un altro aspetto importante che la nostra azienda gestisce. Visita il sito di Gruppo Mossali e richiedi il tuo preventivo!\" \/>\n<meta name=\"robots\" content=\"index, follow, max-snippet:-1, max-image-preview:large, max-video-preview:-1\" \/>\n<link rel=\"canonical\" href=\"https:\/\/www.gruppomossali.com\/it\/impianti-elettrici\/manutenzione\/\" \/>\n<meta property=\"og:locale\" content=\"it_IT\" \/>\n<meta property=\"og:type\" content=\"article\" \/>\n<meta property=\"og:title\" content=\"Manutenzione Impianti Elettrici | Gruppo Mossali\" \/>\n<meta property=\"og:description\" content=\"La manutenzione e gli interventi per la riparazione rappresentano un altro aspetto importante che la nostra azienda gestisce. Visita il sito di Gruppo Mossali e richiedi il tuo preventivo!\" \/>\n<meta property=\"og:url\" content=\"https:\/\/www.gruppomossali.com\/it\/impianti-elettrici\/manutenzione\/\" \/>\n<meta property=\"og:site_name\" content=\"Gruppo Mossali\" \/>\n<meta property=\"article:modified_time\" content=\"2020-07-03T10:19:18+00:00\" \/>\n<meta property=\"og:image\" content=\"https:\/\/www.gruppomossali.com\/wp-content\/uploads\/2019\/09\/headquarter_ext.jpg\" \/>\n\t<meta property=\"og:image:width\" content=\"1920\" \/>\n\t<meta property=\"og:image:height\" content=\"1225\" \/>\n\t<meta property=\"og:image:type\" content=\"image\/jpeg\" \/>\n<meta name=\"twitter:card\" content=\"summary_large_image\" \/>\n<meta name=\"twitter:label1\" content=\"Tempo di lettura stimato\" \/>\n\t<meta name=\"twitter:data1\" content=\"1 minuto\" \/>\n<script type=\"application\/ld+json\" class=\"yoast-schema-graph\">{\"@context\":\"https:\/\/schema.org\",\"@graph\":[{\"@type\":\"WebPage\",\"@id\":\"https:\/\/www.gruppomossali.com\/it\/impianti-elettrici\/manutenzione\/\",\"url\":\"https:\/\/www.gruppomossali.com\/it\/impianti-elettrici\/manutenzione\/\",\"name\":\"Manutenzione Impianti Elettrici | Gruppo Mossali\",\"isPartOf\":{\"@id\":\"https:\/\/www.gruppomossali.com\/it\/#website\"},\"datePublished\":\"2019-10-14T08:51:49+00:00\",\"dateModified\":\"2020-07-03T10:19:18+00:00\",\"description\":\"La manutenzione e gli interventi per la riparazione rappresentano un altro aspetto importante che la nostra azienda gestisce. Visita il sito di Gruppo Mossali e richiedi il tuo preventivo!\",\"breadcrumb\":{\"@id\":\"https:\/\/www.gruppomossali.com\/it\/impianti-elettrici\/manutenzione\/#breadcrumb\"},\"inLanguage\":\"it-IT\",\"potentialAction\":[{\"@type\":\"ReadAction\",\"target\":[\"https:\/\/www.gruppomossali.com\/it\/impianti-elettrici\/manutenzione\/\"]}]},{\"@type\":\"BreadcrumbList\",\"@id\":\"https:\/\/www.gruppomossali.com\/it\/impianti-elettrici\/manutenzione\/#breadcrumb\",\"itemListElement\":[{\"@type\":\"ListItem\",\"position\":1,\"name\":\"Home\",\"item\":\"https:\/\/www.gruppomossali.com\/it\/\"},{\"@type\":\"ListItem\",\"position\":2,\"name\":\"Impianti Elettrici\",\"item\":\"https:\/\/www.gruppomossali.com\/it\/impianti-elettrici\/\"},{\"@type\":\"ListItem\",\"position\":3,\"name\":\"Manutenzione\"}]},{\"@type\":\"WebSite\",\"@id\":\"https:\/\/www.gruppomossali.com\/it\/#website\",\"url\":\"https:\/\/www.gruppomossali.com\/it\/\",\"name\":\"Gruppo Mossali\",\"description\":\"\",\"potentialAction\":[{\"@type\":\"SearchAction\",\"target\":{\"@type\":\"EntryPoint\",\"urlTemplate\":\"https:\/\/www.gruppomossali.com\/it\/?s={search_term_string}\"},\"query-input\":\"required name=search_term_string\"}],\"inLanguage\":\"it-IT\"}]}<\/script>\n<!-- \/ Yoast SEO plugin. -->","yoast_head_json":{"title":"Manutenzione Impianti Elettrici | Gruppo Mossali","description":"La manutenzione e gli interventi per la riparazione rappresentano un altro aspetto importante che la nostra azienda gestisce. Visita il sito di Gruppo Mossali e richiedi il tuo preventivo!","robots":{"index":"index","follow":"follow","max-snippet":"max-snippet:-1","max-image-preview":"max-image-preview:large","max-video-preview":"max-video-preview:-1"},"canonical":"https:\/\/www.gruppomossali.com\/it\/impianti-elettrici\/manutenzione\/","og_locale":"it_IT","og_type":"article","og_title":"Manutenzione Impianti Elettrici | Gruppo Mossali","og_description":"La manutenzione e gli interventi per la riparazione rappresentano un altro aspetto importante che la nostra azienda gestisce. Visita il sito di Gruppo Mossali e richiedi il tuo preventivo!","og_url":"https:\/\/www.gruppomossali.com\/it\/impianti-elettrici\/manutenzione\/","og_site_name":"Gruppo Mossali","article_modified_time":"2020-07-03T10:19:18+00:00","og_image":[{"width":1920,"height":1225,"url":"https:\/\/www.gruppomossali.com\/wp-content\/uploads\/2019\/09\/headquarter_ext.jpg","type":"image\/jpeg"}],"twitter_card":"summary_large_image","twitter_misc":{"Tempo di lettura stimato":"1 minuto"},"schema":{"@context":"https:\/\/schema.org","@graph":[{"@type":"WebPage","@id":"https:\/\/www.gruppomossali.com\/it\/impianti-elettrici\/manutenzione\/","url":"https:\/\/www.gruppomossali.com\/it\/impianti-elettrici\/manutenzione\/","name":"Manutenzione Impianti Elettrici | Gruppo Mossali","isPartOf":{"@id":"https:\/\/www.gruppomossali.com\/it\/#website"},"datePublished":"2019-10-14T08:51:49+00:00","dateModified":"2020-07-03T10:19:18+00:00","description":"La manutenzione e gli interventi per la riparazione rappresentano un altro aspetto importante che la nostra azienda gestisce. Visita il sito di Gruppo Mossali e richiedi il tuo preventivo!","breadcrumb":{"@id":"https:\/\/www.gruppomossali.com\/it\/impianti-elettrici\/manutenzione\/#breadcrumb"},"inLanguage":"it-IT","potentialAction":[{"@type":"ReadAction","target":["https:\/\/www.gruppomossali.com\/it\/impianti-elettrici\/manutenzione\/"]}]},{"@type":"BreadcrumbList","@id":"https:\/\/www.gruppomossali.com\/it\/impianti-elettrici\/manutenzione\/#breadcrumb","itemListElement":[{"@type":"ListItem","position":1,"name":"Home","item":"https:\/\/www.gruppomossali.com\/it\/"},{"@type":"ListItem","position":2,"name":"Impianti Elettrici","item":"https:\/\/www.gruppomossali.com\/it\/impianti-elettrici\/"},{"@type":"ListItem","position":3,"name":"Manutenzione"}]},{"@type":"WebSite","@id":"https:\/\/www.gruppomossali.com\/it\/#website","url":"https:\/\/www.gruppomossali.com\/it\/","name":"Gruppo Mossali","description":"","potentialAction":[{"@type":"SearchAction","target":{"@type":"EntryPoint","urlTemplate":"https:\/\/www.gruppomossali.com\/it\/?s={search_term_string}"},"query-input":"required name=search_term_string"}],"inLanguage":"it-IT"}]}},"_links":{"self":[{"href":"https:\/\/www.gruppomossali.com\/it\/wp-json\/wp\/v2\/pages\/395"}],"collection":[{"href":"https:\/\/www.gruppomossali.com\/it\/wp-json\/wp\/v2\/pages"}],"about":[{"href":"https:\/\/www.gruppomossali.com\/it\/wp-json\/wp\/v2\/types\/page"}],"author":[{"embeddable":true,"href":"https:\/\/www.gruppomossali.com\/it\/wp-json\/wp\/v2\/users\/1"}],"replies":[{"embeddable":true,"href":"https:\/\/www.gruppomossali.com\/it\/wp-json\/wp\/v2\/comments?post=395"}],"version-history":[{"count":4,"href":"https:\/\/www.gruppomossali.com\/it\/wp-json\/wp\/v2\/pages\/395\/revisions"}],"predecessor-version":[{"id":2902,"href":"https:\/\/www.gruppomossali.com\/it\/wp-json\/wp\/v2\/pages\/395\/revisions\/2902"}],"up":[{"embeddable":true,"href":"https:\/\/www.gruppomossali.com\/it\/wp-json\/wp\/v2\/pages\/121"}],"wp:featuredmedia":[{"embeddable":true,"href":"https:\/\/www.gruppomossali.com\/it\/wp-json\/wp\/v2\/media\/162"}],"wp:attachment":[{"href":"https:\/\/www.gruppomossali.com\/it\/wp-json\/wp\/v2\/media?parent=395"}],"curies":[{"name":"wp","href":"https:\/\/api.w.org\/{rel}","templated":true}]}}