{"id":307,"date":"2019-10-03T11:26:30","date_gmt":"2019-10-03T09:26:30","guid":{"rendered":"https:\/\/www.gruppomossali.com\/?page_id=307"},"modified":"2022-09-29T11:13:20","modified_gmt":"2022-09-29T09:13:20","slug":"azienda","status":"publish","type":"page","link":"https:\/\/www.gruppomossali.com\/it\/azienda\/","title":{"rendered":"Azienda"},"content":{"rendered":"\r\n<p><span style=\"font-weight: 400;\">Oggi la Societ\u00e0 Gruppo Mossali srl pu\u00f2 essere classificata come una azienda di <\/span><b>servizi specializzati<\/b><span style=\"font-weight: 400;\"> che permette di realizzare una pluralit\u00e0 di lavorazioni che offrono al cliente la possibilit\u00e0 di instaurare il rapporto di lavoro con un <\/span><b>unico interlocutore<\/b><span style=\"font-weight: 400;\">.<\/span><\/p>\r\n\r\n\r\n\r\n<p>&nbsp;<\/p>\r\n","protected":false},"excerpt":{"rendered":"<p>Oggi la Societ\u00e0 Gruppo Mossali srl pu\u00f2 essere classificata come una azienda di servizi specializzati che permette di realizzare una pluralit\u00e0 di lavorazioni che offrono al cliente la possibilit\u00e0 di instaurare il rapporto di lavoro con un unico interlocutore. &nbsp;<\/p>\n","protected":false},"author":1,"featured_media":816,"parent":0,"menu_order":13,"comment_status":"closed","ping_status":"closed","template":"template-azienda.php","meta":[],"yoast_head":"<!-- This site is optimized with the Yoast SEO plugin v20.3 - https:\/\/yoast.com\/wordpress\/plugins\/seo\/ -->\n<title>L&#039;azienda | Gruppo Mossali<\/title>\n<meta name=\"description\" content=\"Dal 1959 Gruppo Mossali realizza coperture, sistemi anticaduta e si occupa della rimozione dell&#039;amianto. Visita il sito!\" \/>\n<meta name=\"robots\" content=\"index, follow, max-snippet:-1, max-image-preview:large, max-video-preview:-1\" \/>\n<link rel=\"canonical\" href=\"https:\/\/www.gruppomossali.com\/it\/azienda\/\" \/>\n<meta property=\"og:locale\" content=\"it_IT\" \/>\n<meta property=\"og:type\" content=\"article\" \/>\n<meta property=\"og:title\" content=\"L&#039;azienda | Gruppo Mossali\" \/>\n<meta property=\"og:description\" content=\"Dal 1959 Gruppo Mossali realizza coperture, sistemi anticaduta e si occupa della rimozione dell&#039;amianto. Visita il sito!\" \/>\n<meta property=\"og:url\" content=\"https:\/\/www.gruppomossali.com\/it\/azienda\/\" \/>\n<meta property=\"og:site_name\" content=\"Gruppo Mossali\" \/>\n<meta property=\"article:modified_time\" content=\"2022-09-29T09:13:20+00:00\" \/>\n<meta property=\"og:image\" content=\"https:\/\/www.gruppomossali.com\/wp-content\/uploads\/2019\/12\/foto-mezzi-Gruppo-Mossali-030-scaled.jpg\" \/>\n\t<meta property=\"og:image:width\" content=\"2560\" \/>\n\t<meta property=\"og:image:height\" content=\"1707\" \/>\n\t<meta property=\"og:image:type\" content=\"image\/jpeg\" \/>\n<meta name=\"twitter:card\" content=\"summary_large_image\" \/>\n<meta name=\"twitter:label1\" content=\"Tempo di lettura stimato\" \/>\n\t<meta name=\"twitter:data1\" content=\"1 minuto\" \/>\n<script type=\"application\/ld+json\" class=\"yoast-schema-graph\">{\"@context\":\"https:\/\/schema.org\",\"@graph\":[{\"@type\":\"WebPage\",\"@id\":\"https:\/\/www.gruppomossali.com\/it\/azienda\/\",\"url\":\"https:\/\/www.gruppomossali.com\/it\/azienda\/\",\"name\":\"L'azienda | Gruppo Mossali\",\"isPartOf\":{\"@id\":\"https:\/\/www.gruppomossali.com\/it\/#website\"},\"datePublished\":\"2019-10-03T09:26:30+00:00\",\"dateModified\":\"2022-09-29T09:13:20+00:00\",\"description\":\"Dal 1959 Gruppo Mossali realizza coperture, sistemi anticaduta e si occupa della rimozione dell'amianto. Visita il sito!\",\"breadcrumb\":{\"@id\":\"https:\/\/www.gruppomossali.com\/it\/azienda\/#breadcrumb\"},\"inLanguage\":\"it-IT\",\"potentialAction\":[{\"@type\":\"ReadAction\",\"target\":[\"https:\/\/www.gruppomossali.com\/it\/azienda\/\"]}]},{\"@type\":\"BreadcrumbList\",\"@id\":\"https:\/\/www.gruppomossali.com\/it\/azienda\/#breadcrumb\",\"itemListElement\":[{\"@type\":\"ListItem\",\"position\":1,\"name\":\"Home\",\"item\":\"https:\/\/www.gruppomossali.com\/it\/\"},{\"@type\":\"ListItem\",\"position\":2,\"name\":\"Azienda\"}]},{\"@type\":\"WebSite\",\"@id\":\"https:\/\/www.gruppomossali.com\/it\/#website\",\"url\":\"https:\/\/www.gruppomossali.com\/it\/\",\"name\":\"Gruppo Mossali\",\"description\":\"\",\"potentialAction\":[{\"@type\":\"SearchAction\",\"target\":{\"@type\":\"EntryPoint\",\"urlTemplate\":\"https:\/\/www.gruppomossali.com\/it\/?s={search_term_string}\"},\"query-input\":\"required name=search_term_string\"}],\"inLanguage\":\"it-IT\"}]}<\/script>\n<!-- \/ Yoast SEO plugin. -->","yoast_head_json":{"title":"L'azienda | Gruppo Mossali","description":"Dal 1959 Gruppo Mossali realizza coperture, sistemi anticaduta e si occupa della rimozione dell'amianto. Visita il sito!","robots":{"index":"index","follow":"follow","max-snippet":"max-snippet:-1","max-image-preview":"max-image-preview:large","max-video-preview":"max-video-preview:-1"},"canonical":"https:\/\/www.gruppomossali.com\/it\/azienda\/","og_locale":"it_IT","og_type":"article","og_title":"L'azienda | Gruppo Mossali","og_description":"Dal 1959 Gruppo Mossali realizza coperture, sistemi anticaduta e si occupa della rimozione dell'amianto. Visita il sito!","og_url":"https:\/\/www.gruppomossali.com\/it\/azienda\/","og_site_name":"Gruppo Mossali","article_modified_time":"2022-09-29T09:13:20+00:00","og_image":[{"width":2560,"height":1707,"url":"https:\/\/www.gruppomossali.com\/wp-content\/uploads\/2019\/12\/foto-mezzi-Gruppo-Mossali-030-scaled.jpg","type":"image\/jpeg"}],"twitter_card":"summary_large_image","twitter_misc":{"Tempo di lettura stimato":"1 minuto"},"schema":{"@context":"https:\/\/schema.org","@graph":[{"@type":"WebPage","@id":"https:\/\/www.gruppomossali.com\/it\/azienda\/","url":"https:\/\/www.gruppomossali.com\/it\/azienda\/","name":"L'azienda | Gruppo Mossali","isPartOf":{"@id":"https:\/\/www.gruppomossali.com\/it\/#website"},"datePublished":"2019-10-03T09:26:30+00:00","dateModified":"2022-09-29T09:13:20+00:00","description":"Dal 1959 Gruppo Mossali realizza coperture, sistemi anticaduta e si occupa della rimozione dell'amianto. Visita il sito!","breadcrumb":{"@id":"https:\/\/www.gruppomossali.com\/it\/azienda\/#breadcrumb"},"inLanguage":"it-IT","potentialAction":[{"@type":"ReadAction","target":["https:\/\/www.gruppomossali.com\/it\/azienda\/"]}]},{"@type":"BreadcrumbList","@id":"https:\/\/www.gruppomossali.com\/it\/azienda\/#breadcrumb","itemListElement":[{"@type":"ListItem","position":1,"name":"Home","item":"https:\/\/www.gruppomossali.com\/it\/"},{"@type":"ListItem","position":2,"name":"Azienda"}]},{"@type":"WebSite","@id":"https:\/\/www.gruppomossali.com\/it\/#website","url":"https:\/\/www.gruppomossali.com\/it\/","name":"Gruppo Mossali","description":"","potentialAction":[{"@type":"SearchAction","target":{"@type":"EntryPoint","urlTemplate":"https:\/\/www.gruppomossali.com\/it\/?s={search_term_string}"},"query-input":"required name=search_term_string"}],"inLanguage":"it-IT"}]}},"_links":{"self":[{"href":"https:\/\/www.gruppomossali.com\/it\/wp-json\/wp\/v2\/pages\/307"}],"collection":[{"href":"https:\/\/www.gruppomossali.com\/it\/wp-json\/wp\/v2\/pages"}],"about":[{"href":"https:\/\/www.gruppomossali.com\/it\/wp-json\/wp\/v2\/types\/page"}],"author":[{"embeddable":true,"href":"https:\/\/www.gruppomossali.com\/it\/wp-json\/wp\/v2\/users\/1"}],"replies":[{"embeddable":true,"href":"https:\/\/www.gruppomossali.com\/it\/wp-json\/wp\/v2\/comments?post=307"}],"version-history":[{"count":31,"href":"https:\/\/www.gruppomossali.com\/it\/wp-json\/wp\/v2\/pages\/307\/revisions"}],"predecessor-version":[{"id":6645,"href":"https:\/\/www.gruppomossali.com\/it\/wp-json\/wp\/v2\/pages\/307\/revisions\/6645"}],"wp:featuredmedia":[{"embeddable":true,"href":"https:\/\/www.gruppomossali.com\/it\/wp-json\/wp\/v2\/media\/816"}],"wp:attachment":[{"href":"https:\/\/www.gruppomossali.com\/it\/wp-json\/wp\/v2\/media?parent=307"}],"curies":[{"name":"wp","href":"https:\/\/api.w.org\/{rel}","templated":true}]}}