{"id":123,"date":"2019-09-10T10:10:53","date_gmt":"2019-09-10T08:10:53","guid":{"rendered":"https:\/\/www.gruppomossali.com\/?page_id=123"},"modified":"2020-06-11T12:16:57","modified_gmt":"2020-06-11T10:16:57","slug":"noleggio-illuminazione","status":"publish","type":"page","link":"https:\/\/www.gruppomossali.com\/it\/noleggio-illuminazione\/","title":{"rendered":"Noleggio illuminazione a LED"},"content":{"rendered":"<p><span style=\"font-weight: 400;\">Circa il 96% delle aziende italiane utilizza corpi illuminanti dotati di lampade obsolete, come quelle ad incandescenza, fluorescenti o a ioduri metallici, che per\u00f2 generano elevati consumi e costi di manutenzione e si deteriorano velocemente.\u00a0<\/span><\/p>\n<p><span style=\"font-weight: 400;\">Per far fronte a questi costi \u00e8 possibile ricorrere ad una nuova tecnologia volta a salvaguardare gli sprechi come l\u2019<\/span><b>illuminazione a led<\/b><span style=\"font-weight: 400;\">. Questa\u00a0 tecnica rivoluziona il modo di illuminare gli spazi poich\u00e9 produce la stessa quantit\u00e0 di luce di una lampada tradizionale con un consumo inferiore del 60%, ne migliora la qualit\u00e0 e la durata di vita utile (che si estende fino a 50.000 ore). Inoltre, l\u2019utilizzo di un<\/span><b> sistema di illuminazione a led<\/b><span style=\"font-weight: 400;\">\u00a0 permette di produrre meno calore, evitando cos\u00ec il surriscaldamento degli immobili, l\u2019immediata accensione e l\u2019installazione a prezzi molto vantaggiosi.\u00a0<\/span><\/p>\n","protected":false},"excerpt":{"rendered":"<p>Circa il 96% delle aziende italiane utilizza corpi illuminanti dotati di lampade obsolete, come quelle ad incandescenza, fluorescenti o a ioduri metallici, che per\u00f2 generano elevati consumi e costi di manutenzione e si deteriorano velocemente.\u00a0 Per far fronte a questi costi \u00e8 possibile ricorrere ad una nuova tecnologia volta a salvaguardare gli sprechi come l\u2019illuminazione [&hellip;]<\/p>\n","protected":false},"author":1,"featured_media":794,"parent":0,"menu_order":59,"comment_status":"closed","ping_status":"closed","template":"template-servizi.php","meta":[],"yoast_head":"<!-- This site is optimized with the Yoast SEO plugin v20.3 - https:\/\/yoast.com\/wordpress\/plugins\/seo\/ -->\n<title>Noleggio illuminazione LED | Gruppo Mossali<\/title>\n<meta name=\"description\" content=\"Gruppo Mossali offre il servizio di noleggio operativo illuminazione led. Visita il sito per richiedere un preventivo!\" \/>\n<meta name=\"robots\" content=\"index, follow, max-snippet:-1, max-image-preview:large, max-video-preview:-1\" \/>\n<link rel=\"canonical\" href=\"https:\/\/www.gruppomossali.com\/it\/noleggio-illuminazione\/\" \/>\n<meta property=\"og:locale\" content=\"it_IT\" \/>\n<meta property=\"og:type\" content=\"article\" \/>\n<meta property=\"og:title\" content=\"Noleggio illuminazione LED | Gruppo Mossali\" \/>\n<meta property=\"og:description\" content=\"Gruppo Mossali offre il servizio di noleggio operativo illuminazione led. Visita il sito per richiedere un preventivo!\" \/>\n<meta property=\"og:url\" content=\"https:\/\/www.gruppomossali.com\/it\/noleggio-illuminazione\/\" \/>\n<meta property=\"og:site_name\" content=\"Gruppo Mossali\" \/>\n<meta property=\"article:modified_time\" content=\"2020-06-11T10:16:57+00:00\" \/>\n<meta property=\"og:image\" content=\"https:\/\/www.gruppomossali.com\/wp-content\/uploads\/2019\/12\/AdobeStock_238301356-scaled.jpeg\" \/>\n\t<meta property=\"og:image:width\" content=\"2560\" \/>\n\t<meta property=\"og:image:height\" content=\"1707\" \/>\n\t<meta property=\"og:image:type\" content=\"image\/jpeg\" \/>\n<meta name=\"twitter:card\" content=\"summary_large_image\" \/>\n<meta name=\"twitter:label1\" content=\"Tempo di lettura stimato\" \/>\n\t<meta name=\"twitter:data1\" content=\"1 minuto\" \/>\n<script type=\"application\/ld+json\" class=\"yoast-schema-graph\">{\"@context\":\"https:\/\/schema.org\",\"@graph\":[{\"@type\":\"WebPage\",\"@id\":\"https:\/\/www.gruppomossali.com\/it\/noleggio-illuminazione\/\",\"url\":\"https:\/\/www.gruppomossali.com\/it\/noleggio-illuminazione\/\",\"name\":\"Noleggio illuminazione LED | Gruppo Mossali\",\"isPartOf\":{\"@id\":\"https:\/\/www.gruppomossali.com\/it\/#website\"},\"datePublished\":\"2019-09-10T08:10:53+00:00\",\"dateModified\":\"2020-06-11T10:16:57+00:00\",\"description\":\"Gruppo Mossali offre il servizio di noleggio operativo illuminazione led. Visita il sito per richiedere un preventivo!\",\"breadcrumb\":{\"@id\":\"https:\/\/www.gruppomossali.com\/it\/noleggio-illuminazione\/#breadcrumb\"},\"inLanguage\":\"it-IT\",\"potentialAction\":[{\"@type\":\"ReadAction\",\"target\":[\"https:\/\/www.gruppomossali.com\/it\/noleggio-illuminazione\/\"]}]},{\"@type\":\"BreadcrumbList\",\"@id\":\"https:\/\/www.gruppomossali.com\/it\/noleggio-illuminazione\/#breadcrumb\",\"itemListElement\":[{\"@type\":\"ListItem\",\"position\":1,\"name\":\"Home\",\"item\":\"https:\/\/www.gruppomossali.com\/it\/\"},{\"@type\":\"ListItem\",\"position\":2,\"name\":\"Noleggio illuminazione a LED\"}]},{\"@type\":\"WebSite\",\"@id\":\"https:\/\/www.gruppomossali.com\/it\/#website\",\"url\":\"https:\/\/www.gruppomossali.com\/it\/\",\"name\":\"Gruppo Mossali\",\"description\":\"\",\"potentialAction\":[{\"@type\":\"SearchAction\",\"target\":{\"@type\":\"EntryPoint\",\"urlTemplate\":\"https:\/\/www.gruppomossali.com\/it\/?s={search_term_string}\"},\"query-input\":\"required name=search_term_string\"}],\"inLanguage\":\"it-IT\"}]}<\/script>\n<!-- \/ Yoast SEO plugin. -->","yoast_head_json":{"title":"Noleggio illuminazione LED | Gruppo Mossali","description":"Gruppo Mossali offre il servizio di noleggio operativo illuminazione led. Visita il sito per richiedere un preventivo!","robots":{"index":"index","follow":"follow","max-snippet":"max-snippet:-1","max-image-preview":"max-image-preview:large","max-video-preview":"max-video-preview:-1"},"canonical":"https:\/\/www.gruppomossali.com\/it\/noleggio-illuminazione\/","og_locale":"it_IT","og_type":"article","og_title":"Noleggio illuminazione LED | Gruppo Mossali","og_description":"Gruppo Mossali offre il servizio di noleggio operativo illuminazione led. Visita il sito per richiedere un preventivo!","og_url":"https:\/\/www.gruppomossali.com\/it\/noleggio-illuminazione\/","og_site_name":"Gruppo Mossali","article_modified_time":"2020-06-11T10:16:57+00:00","og_image":[{"width":2560,"height":1707,"url":"https:\/\/www.gruppomossali.com\/wp-content\/uploads\/2019\/12\/AdobeStock_238301356-scaled.jpeg","type":"image\/jpeg"}],"twitter_card":"summary_large_image","twitter_misc":{"Tempo di lettura stimato":"1 minuto"},"schema":{"@context":"https:\/\/schema.org","@graph":[{"@type":"WebPage","@id":"https:\/\/www.gruppomossali.com\/it\/noleggio-illuminazione\/","url":"https:\/\/www.gruppomossali.com\/it\/noleggio-illuminazione\/","name":"Noleggio illuminazione LED | Gruppo Mossali","isPartOf":{"@id":"https:\/\/www.gruppomossali.com\/it\/#website"},"datePublished":"2019-09-10T08:10:53+00:00","dateModified":"2020-06-11T10:16:57+00:00","description":"Gruppo Mossali offre il servizio di noleggio operativo illuminazione led. Visita il sito per richiedere un preventivo!","breadcrumb":{"@id":"https:\/\/www.gruppomossali.com\/it\/noleggio-illuminazione\/#breadcrumb"},"inLanguage":"it-IT","potentialAction":[{"@type":"ReadAction","target":["https:\/\/www.gruppomossali.com\/it\/noleggio-illuminazione\/"]}]},{"@type":"BreadcrumbList","@id":"https:\/\/www.gruppomossali.com\/it\/noleggio-illuminazione\/#breadcrumb","itemListElement":[{"@type":"ListItem","position":1,"name":"Home","item":"https:\/\/www.gruppomossali.com\/it\/"},{"@type":"ListItem","position":2,"name":"Noleggio illuminazione a LED"}]},{"@type":"WebSite","@id":"https:\/\/www.gruppomossali.com\/it\/#website","url":"https:\/\/www.gruppomossali.com\/it\/","name":"Gruppo Mossali","description":"","potentialAction":[{"@type":"SearchAction","target":{"@type":"EntryPoint","urlTemplate":"https:\/\/www.gruppomossali.com\/it\/?s={search_term_string}"},"query-input":"required name=search_term_string"}],"inLanguage":"it-IT"}]}},"_links":{"self":[{"href":"https:\/\/www.gruppomossali.com\/it\/wp-json\/wp\/v2\/pages\/123"}],"collection":[{"href":"https:\/\/www.gruppomossali.com\/it\/wp-json\/wp\/v2\/pages"}],"about":[{"href":"https:\/\/www.gruppomossali.com\/it\/wp-json\/wp\/v2\/types\/page"}],"author":[{"embeddable":true,"href":"https:\/\/www.gruppomossali.com\/it\/wp-json\/wp\/v2\/users\/1"}],"replies":[{"embeddable":true,"href":"https:\/\/www.gruppomossali.com\/it\/wp-json\/wp\/v2\/comments?post=123"}],"version-history":[{"count":10,"href":"https:\/\/www.gruppomossali.com\/it\/wp-json\/wp\/v2\/pages\/123\/revisions"}],"predecessor-version":[{"id":2975,"href":"https:\/\/www.gruppomossali.com\/it\/wp-json\/wp\/v2\/pages\/123\/revisions\/2975"}],"wp:featuredmedia":[{"embeddable":true,"href":"https:\/\/www.gruppomossali.com\/it\/wp-json\/wp\/v2\/media\/794"}],"wp:attachment":[{"href":"https:\/\/www.gruppomossali.com\/it\/wp-json\/wp\/v2\/media?parent=123"}],"curies":[{"name":"wp","href":"https:\/\/api.w.org\/{rel}","templated":true}]}}